{"id":2,"date":"2013-05-03T08:14:12","date_gmt":"2013-05-03T06:14:12","guid":{"rendered":"http:\/\/chab.fr\/demo\/\/?page_id=2"},"modified":"2020-09-11T16:02:10","modified_gmt":"2020-09-11T14:02:10","slug":"presentation","status":"publish","type":"page","link":"https:\/\/chab.fr\/demo\/","title":{"rendered":"Pr\u00e9sentation"},"content":{"rendered":"<p><strong><img loading=\"lazy\" decoding=\"async\" class=\"alignleft size-medium wp-image-53\" alt=\"INTERNET-PRESENCE\" src=\"http:\/\/chab.fr\/demo\/wp-content\/uploads\/2013\/05\/INTERNET-PRESENCE-300x207.jpg\" width=\"300\" height=\"207\" srcset=\"https:\/\/chab.fr\/demo\/wp-content\/uploads\/2013\/05\/INTERNET-PRESENCE-300x207.jpg 300w, https:\/\/chab.fr\/demo\/wp-content\/uploads\/2013\/05\/INTERNET-PRESENCE.jpg 380w\" sizes=\"auto, (max-width: 300px) 100vw, 300px\" \/><\/strong><\/p>\n<p>&nbsp;<\/p>\n<p>&nbsp;<\/p>\n<h2><strong>Page de pr\u00e9sentation g\u00e9n\u00e9rale de votre activit\u00e9.<\/strong><\/h2>\n<p>Nous pourrons \u00e9galement cr\u00e9er des sous rubriques dans cette page de pr\u00e9sentation de votre entreprise et de ses activit\u00e9s.<\/p>\n<p><strong>Id\u00e9alement,<\/strong> nous allons r\u00e9aliser <strong>des pages d\u00e9di\u00e9es pour mettre en avant vos principales activit\u00e9s.<\/strong><\/p>\n<p>Si ces derni\u00e8res se d\u00e9clinent avec <strong>des activit\u00e9s annexes<\/strong>, ou <strong>r\u00e9parties en plusieurs produits<\/strong>, nous cr\u00e9erons alors <strong>des sous rubriques<\/strong>, exemple avec l&rsquo;activit\u00e9 n\u00b02,<\/p>\n<p>ou encore des sous-sous rubriques exemple avec l&rsquo;activit\u00e9 n\u00b03.<\/p>\n<p>L&rsquo;activit\u00e9 n\u00b01 n&rsquo;a pas de sous rubrique sur ce site d\u00e9mo.<\/p>\n","protected":false},"excerpt":{"rendered":"<p>&nbsp; &nbsp; Page de pr\u00e9sentation g\u00e9n\u00e9rale de votre activit\u00e9. Nous pourrons \u00e9galement cr\u00e9er des sous rubriques dans cette page de pr\u00e9sentation de votre entreprise et de ses activit\u00e9s. Id\u00e9alement, nous <a class=\"more-link\" href=\"https:\/\/chab.fr\/demo\/\">Continue Reading &rarr;<\/a><\/p>\n","protected":false},"author":2,"featured_media":0,"parent":0,"menu_order":0,"comment_status":"closed","ping_status":"closed","template":"","meta":{"footnotes":""},"class_list":["post-2","page","type-page","status-publish","hentry"],"_links":{"self":[{"href":"https:\/\/chab.fr\/demo\/wp-json\/wp\/v2\/pages\/2","targetHints":{"allow":["GET"]}}],"collection":[{"href":"https:\/\/chab.fr\/demo\/wp-json\/wp\/v2\/pages"}],"about":[{"href":"https:\/\/chab.fr\/demo\/wp-json\/wp\/v2\/types\/page"}],"author":[{"embeddable":true,"href":"https:\/\/chab.fr\/demo\/wp-json\/wp\/v2\/users\/2"}],"replies":[{"embeddable":true,"href":"https:\/\/chab.fr\/demo\/wp-json\/wp\/v2\/comments?post=2"}],"version-history":[{"count":17,"href":"https:\/\/chab.fr\/demo\/wp-json\/wp\/v2\/pages\/2\/revisions"}],"predecessor-version":[{"id":122,"href":"https:\/\/chab.fr\/demo\/wp-json\/wp\/v2\/pages\/2\/revisions\/122"}],"wp:attachment":[{"href":"https:\/\/chab.fr\/demo\/wp-json\/wp\/v2\/media?parent=2"}],"curies":[{"name":"wp","href":"https:\/\/api.w.org\/{rel}","templated":true}]}}