{"id":14,"date":"2013-05-04T10:24:37","date_gmt":"2013-05-04T08:24:37","guid":{"rendered":"http:\/\/chab.fr\/demo\/?page_id=14"},"modified":"2013-05-05T13:54:24","modified_gmt":"2013-05-05T11:54:24","slug":"activite-n3","status":"publish","type":"page","link":"https:\/\/chab.fr\/demo\/activite-n3\/","title":{"rendered":"Activit\u00e9 N\u00b03"},"content":{"rendered":"<p><img loading=\"lazy\" decoding=\"async\" class=\"alignleft size-full wp-image-81\" alt=\"FORMATION-SUIVI\" src=\"http:\/\/chab.fr\/demo\/wp-content\/uploads\/2013\/05\/FORMATION-SUIVI.jpg\" width=\"394\" height=\"305\" srcset=\"https:\/\/chab.fr\/demo\/wp-content\/uploads\/2013\/05\/FORMATION-SUIVI.jpg 394w, https:\/\/chab.fr\/demo\/wp-content\/uploads\/2013\/05\/FORMATION-SUIVI-300x232.jpg 300w\" sizes=\"auto, (max-width: 394px) 100vw, 394px\" \/>Activit\u00e9 N\u00b03 :<\/p>\n<p>Vous d\u00e9cidez d&rsquo;utiliser une plateforme CMS pour votre site web, et pour g\u00e9rer vos actualit\u00e9s ou simplement apporter quelques modifications sur votre site :\u00a0une formation \u00e0 la gestion de ces outils est possible.<\/p>\n<p>On trouve \u00e9galement de nombreux tutoriels d&rsquo;aide\u00a0en ligne&#8230; Pr\u00e9vu dans votre cahier des charges et\/ou devis : formation \u00e0 la gestion du contenu.<\/p>\n","protected":false},"excerpt":{"rendered":"<p>Activit\u00e9 N\u00b03 : Vous d\u00e9cidez d&rsquo;utiliser une plateforme CMS pour votre site web, et pour g\u00e9rer vos actualit\u00e9s ou simplement apporter quelques modifications sur votre site :\u00a0une formation \u00e0 la <a class=\"more-link\" href=\"https:\/\/chab.fr\/demo\/activite-n3\/\">Continue Reading &rarr;<\/a><\/p>\n","protected":false},"author":2,"featured_media":0,"parent":0,"menu_order":3,"comment_status":"closed","ping_status":"closed","template":"template-fullwidth.php","meta":{"footnotes":""},"class_list":["post-14","page","type-page","status-publish","hentry"],"_links":{"self":[{"href":"https:\/\/chab.fr\/demo\/wp-json\/wp\/v2\/pages\/14","targetHints":{"allow":["GET"]}}],"collection":[{"href":"https:\/\/chab.fr\/demo\/wp-json\/wp\/v2\/pages"}],"about":[{"href":"https:\/\/chab.fr\/demo\/wp-json\/wp\/v2\/types\/page"}],"author":[{"embeddable":true,"href":"https:\/\/chab.fr\/demo\/wp-json\/wp\/v2\/users\/2"}],"replies":[{"embeddable":true,"href":"https:\/\/chab.fr\/demo\/wp-json\/wp\/v2\/comments?post=14"}],"version-history":[{"count":5,"href":"https:\/\/chab.fr\/demo\/wp-json\/wp\/v2\/pages\/14\/revisions"}],"predecessor-version":[{"id":127,"href":"https:\/\/chab.fr\/demo\/wp-json\/wp\/v2\/pages\/14\/revisions\/127"}],"wp:attachment":[{"href":"https:\/\/chab.fr\/demo\/wp-json\/wp\/v2\/media?parent=14"}],"curies":[{"name":"wp","href":"https:\/\/api.w.org\/{rel}","templated":true}]}}