{"id":12,"date":"2013-05-04T10:24:18","date_gmt":"2013-05-04T08:24:18","guid":{"rendered":"http:\/\/chab.fr\/demo\/?page_id=12"},"modified":"2013-05-05T13:53:43","modified_gmt":"2013-05-05T11:53:43","slug":"activite-n2","status":"publish","type":"page","link":"https:\/\/chab.fr\/demo\/activite-n2\/","title":{"rendered":"Activit\u00e9 N\u00b02"},"content":{"rendered":"<h2><img loading=\"lazy\" decoding=\"async\" class=\"alignleft size-medium wp-image-69\" alt=\"CHAB-INTERLOCUTEUR\" src=\"http:\/\/chab.fr\/demo\/wp-content\/uploads\/2013\/05\/CHAB-INTERLOCUTEUR-300x300.jpg\" width=\"300\" height=\"300\" srcset=\"https:\/\/chab.fr\/demo\/wp-content\/uploads\/2013\/05\/CHAB-INTERLOCUTEUR-300x300.jpg 300w, https:\/\/chab.fr\/demo\/wp-content\/uploads\/2013\/05\/CHAB-INTERLOCUTEUR-150x150.jpg 150w, https:\/\/chab.fr\/demo\/wp-content\/uploads\/2013\/05\/CHAB-INTERLOCUTEUR.jpg 346w\" sizes=\"auto, (max-width: 300px) 100vw, 300px\" \/><\/h2>\n<h2><\/h2>\n<h2><\/h2>\n<h2>Nous sommes i\u00e7i au coeur de l&rsquo;activit\u00e9\u00a0 N\u00b02, le visiteur peut \u00e9galement consulter les autres sous rubriques par l&rsquo;onglet au dessus.<\/h2>\n<p>Sur cette page d&rsquo;acceuil \u00ab\u00a0activit\u00e9 n\u00b02\u00a0\u00bb, on peut \u00e9galement cr\u00e9er (ou tisser)\u00a0des liens internes vers ses propres sous rubriques : Cela permet \u00e0 l&rsquo;internaute de naviguer de page en page, on \u00e9vitera ainsi de le perdre&#8230;<\/p>\n<p>Au niveau du r\u00e9f\u00e9rencement \u00e7a a aussi une incidence, nous en parlerons ensemble lors du montage de votre projet web.<\/p>\n<p>Exemple :<\/p>\n<p>voir la sous <a href=\"http:\/\/chab.fr\/demo\/activite-n2\/sous-rubrique-n1\/\"><strong>rubrique n\u00b01<\/strong> <\/a>de l&rsquo;activit\u00e9 2<\/p>\n<p>voir la <span style=\"color: #3366ff;\"><a href=\"http:\/\/chab.fr\/demo\/activite-n2\/sous-rubrique-n2\/\"><span style=\"color: #3366ff;\"><strong>sous rubrique n\u00b02 de l&rsquo;activit\u00e9 2<\/strong><\/span><\/a><\/span><\/p>\n<p>voir la page \u00ab\u00a0<a href=\"http:\/\/chab.fr\/demo\/activite-n2\/et-ainsi-de-suite\/\"><span style=\"color: #ff9900;\">et ainsi de suite<\/span><\/a>\u00ab\u00a0<\/p>\n","protected":false},"excerpt":{"rendered":"<p>Nous sommes i\u00e7i au coeur de l&rsquo;activit\u00e9\u00a0 N\u00b02, le visiteur peut \u00e9galement consulter les autres sous rubriques par l&rsquo;onglet au dessus. Sur cette page d&rsquo;acceuil \u00ab\u00a0activit\u00e9 n\u00b02\u00a0\u00bb, on peut \u00e9galement <a class=\"more-link\" href=\"https:\/\/chab.fr\/demo\/activite-n2\/\">Continue Reading &rarr;<\/a><\/p>\n","protected":false},"author":2,"featured_media":0,"parent":0,"menu_order":2,"comment_status":"closed","ping_status":"closed","template":"template-fullwidth.php","meta":{"footnotes":""},"class_list":["post-12","page","type-page","status-publish","hentry"],"_links":{"self":[{"href":"https:\/\/chab.fr\/demo\/wp-json\/wp\/v2\/pages\/12","targetHints":{"allow":["GET"]}}],"collection":[{"href":"https:\/\/chab.fr\/demo\/wp-json\/wp\/v2\/pages"}],"about":[{"href":"https:\/\/chab.fr\/demo\/wp-json\/wp\/v2\/types\/page"}],"author":[{"embeddable":true,"href":"https:\/\/chab.fr\/demo\/wp-json\/wp\/v2\/users\/2"}],"replies":[{"embeddable":true,"href":"https:\/\/chab.fr\/demo\/wp-json\/wp\/v2\/comments?post=12"}],"version-history":[{"count":8,"href":"https:\/\/chab.fr\/demo\/wp-json\/wp\/v2\/pages\/12\/revisions"}],"predecessor-version":[{"id":123,"href":"https:\/\/chab.fr\/demo\/wp-json\/wp\/v2\/pages\/12\/revisions\/123"}],"wp:attachment":[{"href":"https:\/\/chab.fr\/demo\/wp-json\/wp\/v2\/media?parent=12"}],"curies":[{"name":"wp","href":"https:\/\/api.w.org\/{rel}","templated":true}]}}