{"id":11,"date":"2013-05-04T10:23:54","date_gmt":"2013-05-04T08:23:54","guid":{"rendered":"http:\/\/chab.fr\/demo\/?page_id=11"},"modified":"2013-05-05T13:53:19","modified_gmt":"2013-05-05T11:53:19","slug":"activite-n1","status":"publish","type":"page","link":"https:\/\/chab.fr\/demo\/activite-n1\/","title":{"rendered":"Activit\u00e9 N\u00b01"},"content":{"rendered":"<p>&nbsp;<\/p>\n<p><a href=\"http:\/\/chab.fr\/demo\/wp-content\/uploads\/2013\/05\/GRAPHISME.jpg\"><img loading=\"lazy\" decoding=\"async\" class=\"alignleft size-medium wp-image-63\" alt=\"GRAPHISME\" src=\"http:\/\/chab.fr\/demo\/wp-content\/uploads\/2013\/05\/GRAPHISME-300x288.jpg\" width=\"300\" height=\"288\" srcset=\"https:\/\/chab.fr\/demo\/wp-content\/uploads\/2013\/05\/GRAPHISME-300x288.jpg 300w, https:\/\/chab.fr\/demo\/wp-content\/uploads\/2013\/05\/GRAPHISME.jpg 353w\" sizes=\"auto, (max-width: 300px) 100vw, 300px\" \/><\/a><\/p>\n<h2>Apr\u00e8s la pr\u00e9sentation de votre soci\u00e9t\u00e9, <strong>cette activit\u00e9 n\u00b01 doit \u00eatre celle que vous voulez mettre en avant.<\/strong><\/h2>\n<p>Pas de sous rubrique sur cet exemple, contrairement aux Activit\u00e9s n\u00b02 et n\u00b03.<\/p>\n<p>&nbsp;<\/p>\n<p><strong>Illustrations, galerie photos ou diaporama peuvent \u00eatre int\u00e9gr\u00e9s : c&rsquo;est m\u00eame vivement conseill\u00e9 visuellement parlant !<\/strong><\/p>\n<p>Possibilt\u00e9 de proposer \u00e9galement <strong>des fichiers en t\u00e9l\u00e9chargement<\/strong> type .pdf ou power point.<\/p>\n<p><em>Nous en discuterons ensemble lors de l&rsquo;\u00e9tablissement de votre cahier des charges.<\/em><\/p>\n","protected":false},"excerpt":{"rendered":"<p>&nbsp; Apr\u00e8s la pr\u00e9sentation de votre soci\u00e9t\u00e9, cette activit\u00e9 n\u00b01 doit \u00eatre celle que vous voulez mettre en avant. Pas de sous rubrique sur cet exemple, contrairement aux Activit\u00e9s n\u00b02 <a class=\"more-link\" href=\"https:\/\/chab.fr\/demo\/activite-n1\/\">Continue Reading &rarr;<\/a><\/p>\n","protected":false},"author":2,"featured_media":0,"parent":0,"menu_order":1,"comment_status":"open","ping_status":"closed","template":"template-fullwidth.php","meta":{"footnotes":""},"class_list":["post-11","page","type-page","status-publish","hentry"],"_links":{"self":[{"href":"https:\/\/chab.fr\/demo\/wp-json\/wp\/v2\/pages\/11","targetHints":{"allow":["GET"]}}],"collection":[{"href":"https:\/\/chab.fr\/demo\/wp-json\/wp\/v2\/pages"}],"about":[{"href":"https:\/\/chab.fr\/demo\/wp-json\/wp\/v2\/types\/page"}],"author":[{"embeddable":true,"href":"https:\/\/chab.fr\/demo\/wp-json\/wp\/v2\/users\/2"}],"replies":[{"embeddable":true,"href":"https:\/\/chab.fr\/demo\/wp-json\/wp\/v2\/comments?post=11"}],"version-history":[{"count":9,"href":"https:\/\/chab.fr\/demo\/wp-json\/wp\/v2\/pages\/11\/revisions"}],"predecessor-version":[{"id":121,"href":"https:\/\/chab.fr\/demo\/wp-json\/wp\/v2\/pages\/11\/revisions\/121"}],"wp:attachment":[{"href":"https:\/\/chab.fr\/demo\/wp-json\/wp\/v2\/media?parent=11"}],"curies":[{"name":"wp","href":"https:\/\/api.w.org\/{rel}","templated":true}]}}